{"id":14,"date":"2020-07-23T18:57:24","date_gmt":"2020-07-23T18:57:24","guid":{"rendered":"https:\/\/visituaxactun.com\/omyc\/?page_id=14"},"modified":"2020-08-09T21:15:23","modified_gmt":"2020-08-09T21:15:23","slug":"quienes-somos","status":"publish","type":"page","link":"https:\/\/visituaxactun.com\/omyc\/quienes-somos\/","title":{"rendered":"QUIENES SOMOS"},"content":{"rendered":"<p><img loading=\"lazy\" class=\"size-full wp-image-5 aligncenter\" src=\"https:\/\/visituaxactun.com\/omyc\/wp-content\/uploads\/2020\/07\/Logo-OMYC-Footer.png\" alt=\"\" width=\"239\" height=\"204\" srcset=\"https:\/\/visituaxactun.com\/omyc\/wp-content\/uploads\/2020\/07\/Logo-OMYC-Footer.png 239w, https:\/\/visituaxactun.com\/omyc\/wp-content\/uploads\/2020\/07\/Logo-OMYC-Footer-230x196.png 230w\" sizes=\"(max-width: 239px) 100vw, 239px\" \/><\/p>\n<p style=\"text-align: justify;\">Legalmente la Organizaci\u00f3n se encuentra registrada como <strong>\u201cGarc\u00eda, Barillas, Luna, Herrera, L\u00f3pez, Recinos, Trujillo Sociedad Civil de Nombre Organizaci\u00f3n, Manejo y Conservaci\u00f3n;\u00a0 -OMYC-\u201c <\/strong>inscrita en el libro 5 de Personas Jur\u00eddicas de la Municipalidad de Flores, departamento del Pet\u00e9n a partida numero 23-98 folio 100 y su modificaci\u00f3n y ampliaci\u00f3n inscrita en partida 24-98 folio 114 del mismo libro. La OMYC cuenta con 264 socios en total, y su jurisdicci\u00f3n se encuentra en la comunidad de Uaxact\u00fan, Flores, Pet\u00e9n, Guatemala.<\/p>\n<p style=\"text-align: justify;\"><strong><u>Misi\u00f3n<\/u><\/strong><\/p>\n<p style=\"text-align: justify;\">La Misi\u00f3n de la Organizaci\u00f3n es hacer un manejo integrado de los recursos maderables y no maderables y el potencial tur\u00edstico de la concesi\u00f3n forestal comunitaria bajo los principios de sostenibilidad, comercializando los productos a nivel nacional como internacional.<\/p>\n<p style=\"text-align: justify;\"><strong><u>Visi\u00f3n general <\/u><\/strong><\/p>\n<p style=\"text-align: justify;\">\u00a0Ser una organizaci\u00f3n modelo del manejo adecuado de los recursos naturales existentes en la Reserva de la Biosfera Maya, llegando hacia el \u00e9xito por su consistencia social y por la generaci\u00f3n de capacidades t\u00e9cnicas y productivas dentro de la organizaci\u00f3n.<\/p>\n<p>&nbsp;<\/p>\n<p>&nbsp;<\/p>\n","protected":false},"excerpt":{"rendered":"<p>Legalmente la Organizaci\u00f3n se encuentra registrada como \u201cGarc\u00eda, Barillas, Luna, Herrera, L\u00f3pez, Recinos, Trujillo Sociedad Civil de Nombre Organizaci\u00f3n, Manejo y Conservaci\u00f3n;\u00a0 -OMYC-\u201c inscrita en el libro 5 de Personas Jur\u00eddicas de la Municipalidad de Flores, departamento del Pet\u00e9n a partida numero 23-98 folio 100 y su modificaci\u00f3n y ampliaci\u00f3n &#8230;<\/p>\n","protected":false},"author":1,"featured_media":5,"parent":0,"menu_order":0,"comment_status":"closed","ping_status":"closed","template":"","meta":[],"_links":{"self":[{"href":"https:\/\/visituaxactun.com\/omyc\/wp-json\/wp\/v2\/pages\/14"}],"collection":[{"href":"https:\/\/visituaxactun.com\/omyc\/wp-json\/wp\/v2\/pages"}],"about":[{"href":"https:\/\/visituaxactun.com\/omyc\/wp-json\/wp\/v2\/types\/page"}],"author":[{"embeddable":true,"href":"https:\/\/visituaxactun.com\/omyc\/wp-json\/wp\/v2\/users\/1"}],"replies":[{"embeddable":true,"href":"https:\/\/visituaxactun.com\/omyc\/wp-json\/wp\/v2\/comments?post=14"}],"version-history":[{"count":4,"href":"https:\/\/visituaxactun.com\/omyc\/wp-json\/wp\/v2\/pages\/14\/revisions"}],"predecessor-version":[{"id":53,"href":"https:\/\/visituaxactun.com\/omyc\/wp-json\/wp\/v2\/pages\/14\/revisions\/53"}],"wp:featuredmedia":[{"embeddable":true,"href":"https:\/\/visituaxactun.com\/omyc\/wp-json\/wp\/v2\/media\/5"}],"wp:attachment":[{"href":"https:\/\/visituaxactun.com\/omyc\/wp-json\/wp\/v2\/media?parent=14"}],"curies":[{"name":"wp","href":"https:\/\/api.w.org\/{rel}","templated":true}]}}